{"id":195,"date":"2020-10-04T11:48:54","date_gmt":"2020-10-04T11:48:54","guid":{"rendered":"https:\/\/blauwschaap.com\/dsgvo\/"},"modified":"2021-04-22T15:38:52","modified_gmt":"2021-04-22T15:38:52","slug":"dsgvo","status":"publish","type":"page","link":"https:\/\/blauwschaap.com\/fr\/dsgvo\/","title":{"rendered":"D\u00e9claration de confidentialit\u00e9"},"content":{"rendered":"\n<h2 class=\"wp-block-heading\">Bed &amp; Breakfast Blauwschaap<\/h2>\n\n\n\n<p>La personne responsable au sens des lois en vigueur sur la protection des donn\u00e9es, en particulier du RGPD europ\u00e9en, est :<\/p>\n\n\n\n<p>Ulrike Steppen<\/p>\n\n\n\n<h3 class=\"wp-block-heading\">Droits des personnes concern\u00e9es<\/h3>\n\n\n\n<p>En vous adressant \u00e0 notre responsable de la protection des donn\u00e9es, vous pouvez \u00e0 tout moment exercer les droits suivants :<\/p>\n\n\n\n<ul class=\"wp-block-list\"><li>obtenir des informations concernant vos donn\u00e9es enregistr\u00e9es et leur traitement chez nous (art. 15 du RGPD),<\/li><li>rectifier des donn\u00e9es personnelles incorrectes (art. 16 du RGPD),<\/li><li>(faire) supprimer des donn\u00e9es personnelles (art. 17 du RGPD),<\/li><li>limiter le traitement des donn\u00e9es si nous ne pouvons pas encore supprimer vos donn\u00e9es par obligation l\u00e9gale (art. 18 du RGPD),<\/li><li>vous opposer au traitement de vos donn\u00e9es personnelles pour des motifs l\u00e9gitimes (art. 21 du RGPD), et<\/li><li>faire valoir la portabilit\u00e9 des donn\u00e9es si vous avez autoris\u00e9 express\u00e9ment le traitement des donn\u00e9es ou si vous avez conclu un contrat avec nous (art. 20 du RGPD).<\/li><\/ul>\n\n\n\n<p>Si vous nous avez autoris\u00e9s \u00e0 traiter vos donn\u00e9es, vous pouvez \u00e0 tout moment r\u00e9voquer votre accord avec effet ult\u00e9rieur.<\/p>\n\n\n\n<p>Vous pouvez \u00e0 tout moment adresser un recours \u00e0 l\u2019autorit\u00e9 de surveillance, par exemple \u00e0 l\u2019autorit\u00e9 comp\u00e9tente de votre domicile.<\/p>\n\n\n\n<p>Pour plus d\u2019informations sur les autorit\u00e9s en charge de la protection des donn\u00e9es (APD), veuillez vous r\u00e9f\u00e9rer au CNIL : https:\/\/www.cnil.fr<\/p>\n\n\n\n<h3 class=\"wp-block-heading\">Collection de donn\u00e9es g\u00e9n\u00e9rales en visitant notre site web<\/h3>\n\n\n\n<h4 class=\"wp-block-heading\">Nature et finalit\u00e9 du traitement des donn\u00e9es :<\/h4>\n\n\n\n<p>Lorsque vous visitez notre site web, c\u2019est-\u00e0-dire sans vous enregistrer ni transmettre de donn\u00e9es, nos serveurs web enregistrent automatiquement des informations d'ordre g\u00e9n\u00e9ral. Ces informations (logfiles du serveur) comprennent le type de navigateur web, votre syst\u00e8me d'exploitation, le nom de domaine de votre fournisseur d'acc\u00e8s, l\u2019adresse IP de l'ordinateur utilis\u00e9 et d\u2019autres \u00e9l\u00e9ments de ce type.<\/p>\n\n\n\n<p>Le traitement des donn\u00e9es sert notamment aux fins suivantes :<\/p>\n\n\n\n<ul class=\"wp-block-list\"><li>garantir l'\u00e9tablissement ais\u00e9 de la connexion au site web,<\/li><li>faciliter la consultation de notre site web par les utilisateurs,<\/li><li>\u00e9valuer la s\u00e9curit\u00e9 et la fiabilit\u00e9 de notre syst\u00e8me et<\/li><li>optimiser notre site web.<\/li><\/ul>\n\n\n\n<p>Les donn\u00e9es obtenues de cette mani\u00e8re ne nous permettent pas de vous y associer. Au besoin, nous faisons une analyse statistique de ces donn\u00e9es anonymis\u00e9es afin d\u2019optimiser notre pr\u00e9sence web et la technologie de base.<\/p>\n\n\n\n<h4 class=\"wp-block-heading\">Base juridique et int\u00e9r\u00eat l\u00e9gitime :<\/h4>\n\n\n\n<p>Le traitement des donn\u00e9es se fait sur la base de l\u2019article 6-1.f du RGPD et de notre int\u00e9r\u00eat l\u00e9gitime d\u2019optimiser la fiabilit\u00e9 et la fonctionnalit\u00e9 de notre site web.<\/p>\n\n\n\n<h4 class=\"wp-block-heading\">Destinataire :<\/h4>\n\n\n\n<p>Les destinataires des donn\u00e9es sont \u00e9ventuellement des prestataires de services techniques qui sont impliqu\u00e9s dans l'exploitation et la maintenance de notre site web en tant que sous-traitants.<\/p>\n\n\n\n<h4 class=\"wp-block-heading\">Transfert des donn\u00e9es \u00e0 des pays tiers :<\/h4>\n\n\n\n<p>Les donn\u00e9es collect\u00e9es ne seront pas transf\u00e9r\u00e9es vers un pays tiers.<\/p>\n\n\n\n<h4 class=\"wp-block-heading\">Dur\u00e9e de sauvegarde :<\/h4>\n\n\n\n<p>Les donn\u00e9es \u00e0 caract\u00e8re personnel sont d\u00e9truites aussit\u00f4t que l'objectif pour lequel elles ont \u00e9t\u00e9 rassembl\u00e9es a \u00e9t\u00e9 atteint. Les donn\u00e9es servant \u00e0 la mise \u00e0 disposition du site web sont cat\u00e9goriquement d\u00e9truites \u00e0 la fin de chaque session.<\/p>\n\n\n\n<h4 class=\"wp-block-heading\">Fourniture obligatoire ou requise des donn\u00e9es personnelles :<\/h4>\n\n\n\n<p>La fourniture des donn\u00e9es personnelles susnomm\u00e9es n\u2019est prescrite ni par la loi, ni par contrat. Cependant, le service et la fonctionnalit\u00e9 de notre site web ne peuvent \u00eatre garantis sans l\u2019adresse IP. En outre, certains services ou fonctions risquent de ne pas \u00eatre (enti\u00e8rement) disponibles. Pour cette raison, une opposition sera rejet\u00e9e.<\/p>\n\n\n\n<h3 class=\"wp-block-heading\">Formulaire de contact<\/h3>\n\n\n\n<h4 class=\"wp-block-heading\">Nature et finalit\u00e9 du traitement des donn\u00e9es :<\/h4>\n\n\n\n<p>Les donn\u00e9es que vous saisissez seront sauvegard\u00e9es pour faciliter la communication avec vous. \u00c0 des fins de communication, nous avons besoin d\u2019une adresse e-mail valable et de votre nom. Ces donn\u00e9es nous permettent de classifier la demande et d\u2019y r\u00e9pondre. La saisie de donn\u00e9es suppl\u00e9mentaires est facultative.<\/p>\n\n\n\n<h4 class=\"wp-block-heading\">Base juridique :<\/h4>\n\n\n\n<p>Le traitement des donn\u00e9es saisies dans le formulaire de contact se fait sur la base d\u2019un int\u00e9r\u00eat l\u00e9gitime (article 6-1.f du RGPD).<\/p>\n\n\n\n<p>La mise \u00e0 disposition du formulaire de contact sert \u00e0 vous faciliter la prise de contact. Les donn\u00e9es que vous y saisissez seront sauvegard\u00e9es afin de traiter votre demande et de r\u00e9pondre \u00e0 vos questions compl\u00e9mentaires.<\/p>\n\n\n\n<p>Si vous nous contactez pour demander un devis, le traitement des donn\u00e9es saisies dans le formulaire de contact sert \u00e0 ex\u00e9cuter des mesures pr\u00e9contractuelles (article 6-1.b du RGPD).<\/p>\n\n\n\n<h4 class=\"wp-block-heading\">Destinataire :<\/h4>\n\n\n\n<p>Les destinataires des donn\u00e9es sont les \u00e9ventuels sous-traitants.<\/p>\n\n\n\n<h4 class=\"wp-block-heading\">Transfert des donn\u00e9es \u00e0 des pays tiers :<\/h4>\n\n\n\n<p>Les donn\u00e9es collect\u00e9es ne seront pas transf\u00e9r\u00e9es vers un pays tiers.<\/p>\n\n\n\n<h4 class=\"wp-block-heading\">Dur\u00e9e de sauvegarde :<\/h4>\n\n\n\n<p>Les donn\u00e9es seront effac\u00e9es 6 mois apr\u00e8s le traitement de la demande au plus tard.<\/p>\n\n\n\n<p>En cas de relation contractuelle, nous sommes oblig\u00e9s de respecter les d\u00e9lais l\u00e9gaux de conservation des donn\u00e9es. Nous supprimerons vos donn\u00e9es une fois ce d\u00e9lai pass\u00e9.<\/p>\n\n\n\n<h4 class=\"wp-block-heading\">Fourniture obligatoire ou requise de donn\u00e9es personnelles :<\/h4>\n\n\n\n<p>La fourniture de vos donn\u00e9es personnelles se fait \u00e0 titre volontaire. Cependant, nous ne pouvons traiter votre demande que si vous nous communiquez votre nom, votre adresse e-mail et la raison de votre demande.<\/p>\n\n\n\n<h3 class=\"wp-block-heading\">Biblioth\u00e8que de scripts (Google Webfonts)<\/h3>\n\n\n\n<p>Afin de pr\u00e9senter le contenu de notre site web correctement et de fa\u00e7on compatible entre tous les navigateurs, nous utilisons les \u00ab Google Web Fonts \u00bb de Google LLC (1600 Amphitheatre Parkway, Mountain View, CA 94043, USA ; ci-apr\u00e8s \u00ab Google \u00bb) pour am\u00e9liorer les performances d'affichage \u00e0 l'\u00e9cran.<\/p>\n\n\n\n<p>Pour de plus amples informations sur Google Web Fonts, veuillez vous reporter au site https:\/\/developers.google.com\/fonts\/faq et \u00e0 la d\u00e9claration de confidentialit\u00e9 de Google disponible sous https:\/\/www.google.com\/policies\/privacy\/.<\/p>\n\n\n\n<h3 class=\"wp-block-heading\">Cryptage SSL<\/h3>\n\n\n\n<p>Pour prot\u00e9ger la s\u00e9curit\u00e9 de vos donn\u00e9es au cours de leur transmission, nous travaillons avec des proc\u00e9d\u00e9s de cryptage correspondant au niveau actuel de la technique (par ex. SSL) via HTTPS.<\/p>\n\n\n\n<h3 class=\"wp-block-heading\">Informations sur votre droit d'opposition selon l\u2019art. 21 du RGPD<\/h3>\n\n\n\n<h4 class=\"wp-block-heading\">Droit d\u2019opposition individuel<\/h4>\n\n\n\n<p>Vous avez le droit de vous opposer \u00e0 tout moment, pour des raisons imp\u00e9rieuses et l\u00e9gitimes tenant \u00e0 votre situation particuli\u00e8re, au traitement de vos donn\u00e9es personnelles qui a lieu selon l\u2019article 6-1.f du RGPD (traitement des donn\u00e9es sur la base d\u2019une pes\u00e9e des int\u00e9r\u00eats en pr\u00e9sence). Ceci vaut \u00e9galement pour un profilage bas\u00e9 sur les m\u00eames principes selon l\u2019art. 4-4 du RGPD.<\/p>\n\n\n\n<p>Si vous engagez une proc\u00e9dure d'opposition, nous ne traiterons plus vos donn\u00e9es personnelles sauf si nous pouvons justifier de raisons imp\u00e9rieuses et l\u00e9gitimes qui pr\u00e9valent sur vos int\u00e9r\u00eats, droits et libert\u00e9s ou si le traitement des donn\u00e9es est n\u00e9cessaire \u00e0 la constatation, \u00e0 l'exercice ou \u00e0 la d\u00e9fense d'un droit en justice.<\/p>\n\n\n\n<h4 class=\"wp-block-heading\">Destinataire d\u2019une opposition<\/h4>\n\n\n\n<p>Uli Steppen<br>Beulakerweg 75<br>8355 AC Giethoorn (Pays-Bas)<\/p>\n\n\n\n<h3 class=\"wp-block-heading\">Modification de ces dispositions pour la protection des donn\u00e9es<\/h3>\n\n\n\n<p>Nous nous r\u00e9servons le droit d'adapter les informations de la pr\u00e9sente d\u00e9claration sur la protection des donn\u00e9es aux modifications l\u00e9gislatives ou jurisprudentielles ou aux modifications de nos services, par exemple si de nouvelles prestations \u00e9taient ajout\u00e9es. Lors d'une prochaine visite du site web, c\u2019est alors la nouvelle d\u00e9claration de confidentialit\u00e9 qui entre en vigueur.<\/p>\n\n\n\n<h3 class=\"wp-block-heading\">Questions destin\u00e9es \u00e0 la responsable de la protection des donn\u00e9es<\/h3>\n\n\n\n<p>Si vous avez des questions sur la protection des donn\u00e9es, il suffit de nous envoyer un courriel ou de vous adresser \u00e0 la personne responsable de la protection des donn\u00e9es dans notre organisation :<\/p>\n\n\n\n<p>Uli Steppen<br>Beulakerweg 75<br>8355 AC Giethoorn (Pays-Bas)<\/p>\n\n\n\n<p>La d\u00e9claration de confidentialit\u00e9 a \u00e9t\u00e9 cr\u00e9\u00e9e \u00e0 l\u2019aide du service \u00ab activeMind AG \u00bb, experts externes en mati\u00e8re de protection des donn\u00e9es (version #2020-09-30).<\/p>\n","protected":false},"excerpt":{"rendered":"<p>Bed &amp; Breakfast Blauwschaap La personne responsable au sens des lois en vigueur sur la protection des donn\u00e9es, en particulier du RGPD europ\u00e9en, est : Ulrike Steppen Droits des personnes concern\u00e9es En vous adressant \u00e0 notre responsable de la protection des donn\u00e9es, vous pouvez \u00e0 tout moment exercer les droits suivants : obtenir des informations [&hellip;]<\/p>\n","protected":false},"author":1,"featured_media":0,"parent":0,"menu_order":0,"comment_status":"closed","ping_status":"closed","template":"","meta":{"footnotes":""},"class_list":["post-195","page","type-page","status-publish","hentry"],"_links":{"self":[{"href":"https:\/\/blauwschaap.com\/fr\/wp-json\/wp\/v2\/pages\/195","targetHints":{"allow":["GET"]}}],"collection":[{"href":"https:\/\/blauwschaap.com\/fr\/wp-json\/wp\/v2\/pages"}],"about":[{"href":"https:\/\/blauwschaap.com\/fr\/wp-json\/wp\/v2\/types\/page"}],"author":[{"embeddable":true,"href":"https:\/\/blauwschaap.com\/fr\/wp-json\/wp\/v2\/users\/1"}],"replies":[{"embeddable":true,"href":"https:\/\/blauwschaap.com\/fr\/wp-json\/wp\/v2\/comments?post=195"}],"version-history":[{"count":4,"href":"https:\/\/blauwschaap.com\/fr\/wp-json\/wp\/v2\/pages\/195\/revisions"}],"predecessor-version":[{"id":417,"href":"https:\/\/blauwschaap.com\/fr\/wp-json\/wp\/v2\/pages\/195\/revisions\/417"}],"wp:attachment":[{"href":"https:\/\/blauwschaap.com\/fr\/wp-json\/wp\/v2\/media?parent=195"}],"curies":[{"name":"wp","href":"https:\/\/api.w.org\/{rel}","templated":true}]}}