{"id":183,"date":"2020-10-04T11:48:35","date_gmt":"2020-10-04T11:48:35","guid":{"rendered":"https:\/\/blauwschaap.com\/impressum\/"},"modified":"2021-04-22T15:47:17","modified_gmt":"2021-04-22T15:47:17","slug":"impressum","status":"publish","type":"page","link":"https:\/\/blauwschaap.com\/fr\/impressum\/","title":{"rendered":"Formalit\u00e9s"},"content":{"rendered":"\n<h2 class=\"wp-block-heading\">Formalit\u00e9s Bed &amp; Breakfast Blauwschaap<\/h2>\n\n\n\n<p>Propri\u00e9taire du B&amp;B Blauwschaap \u00e0 Giethoorn : Ulrike (Uli) Steppen. Uli Steppen et son partenaire Olen Holz g\u00e8rent le Bed &amp; Breakfast ensemble.<\/p>\n\n\n\n<p>Adresse (aussi pour le syst\u00e8me de navigation) et coordonn\u00e9es :<\/p>\n\n\n\n<p>Beulakerweg 75 \u2013 8355 AC Giethoorn (Pays-Bas)<br>T: +31-(0)652172276<br>E: bb@blauwschaap.com<br>I: www.blauwschaap.com<\/p>\n\n\n\n<p>Num\u00e9ro de TVA :<br>NL002427881B43<\/p>\n\n\n\n<p>Cr\u00e9dits photo :<br>Uli Steppen, Michiel Vaartjes (https:\/\/michielvaartjes.com\/), Frank Rohse (https:\/\/rohse.com)<\/p>\n\n\n\n<p><br><strong>Konzept, Design, Realisation:<\/strong><\/p>\n\n\n\n<figure class=\"wp-block-image size-large\"><a href=\"https:\/\/wwwland.de\/\" target=\"_blank\" rel=\"noopener noreferrer\"><img loading=\"lazy\" decoding=\"async\" width=\"90\" height=\"49\" src=\"https:\/\/blauwschaap.com\/wp-content\/uploads\/wwwland_logo_16_thumb_trans.png\" alt=\"\" class=\"wp-image-294\"\/><\/a><\/figure>\n\n\n\n<p><a href=\"https:\/\/wwwland.de\/\" target=\"_blank\" rel=\"noreferrer noopener\">wwwland webdesign Trier<\/a><\/p>\n","protected":false},"excerpt":{"rendered":"<p>Formalit\u00e9s Bed &amp; Breakfast Blauwschaap Propri\u00e9taire du B&amp;B Blauwschaap \u00e0 Giethoorn : Ulrike (Uli) Steppen. Uli Steppen et son partenaire Olen Holz g\u00e8rent le Bed &amp; Breakfast ensemble. Adresse (aussi pour le syst\u00e8me de navigation) et coordonn\u00e9es : Beulakerweg 75 \u2013 8355 AC Giethoorn (Pays-Bas)T: +31-(0)652172276E: bb@blauwschaap.comI: www.blauwschaap.com Num\u00e9ro de TVA :NL002427881B43 Cr\u00e9dits photo :Uli [&hellip;]<\/p>\n","protected":false},"author":1,"featured_media":0,"parent":0,"menu_order":0,"comment_status":"closed","ping_status":"closed","template":"","meta":{"footnotes":""},"class_list":["post-183","page","type-page","status-publish","hentry"],"_links":{"self":[{"href":"https:\/\/blauwschaap.com\/fr\/wp-json\/wp\/v2\/pages\/183","targetHints":{"allow":["GET"]}}],"collection":[{"href":"https:\/\/blauwschaap.com\/fr\/wp-json\/wp\/v2\/pages"}],"about":[{"href":"https:\/\/blauwschaap.com\/fr\/wp-json\/wp\/v2\/types\/page"}],"author":[{"embeddable":true,"href":"https:\/\/blauwschaap.com\/fr\/wp-json\/wp\/v2\/users\/1"}],"replies":[{"embeddable":true,"href":"https:\/\/blauwschaap.com\/fr\/wp-json\/wp\/v2\/comments?post=183"}],"version-history":[{"count":3,"href":"https:\/\/blauwschaap.com\/fr\/wp-json\/wp\/v2\/pages\/183\/revisions"}],"predecessor-version":[{"id":422,"href":"https:\/\/blauwschaap.com\/fr\/wp-json\/wp\/v2\/pages\/183\/revisions\/422"}],"wp:attachment":[{"href":"https:\/\/blauwschaap.com\/fr\/wp-json\/wp\/v2\/media?parent=183"}],"curies":[{"name":"wp","href":"https:\/\/api.w.org\/{rel}","templated":true}]}}