{"id":196,"date":"2020-10-04T11:48:54","date_gmt":"2020-10-04T11:48:54","guid":{"rendered":"https:\/\/blauwschaap.com\/dsgvo\/"},"modified":"2026-02-21T15:50:22","modified_gmt":"2026-02-21T15:50:22","slug":"dsgvo","status":"publish","type":"page","link":"https:\/\/blauwschaap.com\/es\/dsgvo\/","title":{"rendered":"Privacidad"},"content":{"rendered":"\n<h2 class=\"wp-block-heading\">Pol\u00edtica de privacidad<br>Bed &amp; Breakfast Blauwschaap<\/h2>\n\n\n\n<p>La responsable seg\u00fan la normativa de protecci\u00f3n de datos es:<\/p>\n\n\n\n<p>Ulrike Steppen<\/p>\n\n\n\n<h3 class=\"wp-block-heading\">Tus derechos<\/h3>\n\n\n\n<p>Puedes solicitar en cualquier momento informaci\u00f3n sobre tus datos, corregirlos, limitarlos o borrarlos, as\u00ed como oponerte a su tratamiento o solicitar la portabilidad, seg\u00fan la normativa vigente.<\/p>\n\n\n\n<h3 class=\"wp-block-heading\">Recogida de informaci\u00f3n general al visitar la web<\/h3>\n\n\n\n<h4 class=\"wp-block-heading\"><\/h4>\n\n\n\n<p>Al entrar en nuestra web se recogen autom\u00e1ticamente datos t\u00e9cnicos (por ejemplo, navegador, sistema operativo o IP) para garantizar el correcto funcionamiento y seguridad de la p\u00e1gina.<\/p>\n\n\n\n<p><strong>Formulario de contacto<\/strong><br>Los datos que introduces se usan solo para responder a tu consulta.<\/p>\n\n\n\n<p><br><strong>Cifrado SSL<\/strong><br>Usamos sistemas de cifrado actualizados (SSL) para proteger tus datos durante la transmisi\u00f3n.<\/p>\n\n\n\n<p>La declaraci\u00f3n detallada sobre la protecci\u00f3n de datos se encuentra en la versi\u00f3n alemana, siendo esta la \u00fanica vinculante.<\/p>\n\n\n\n<p><\/p>\n\n\n\n<p><\/p>\n","protected":false},"excerpt":{"rendered":"<p>Pol\u00edtica de privacidadBed &amp; Breakfast Blauwschaap La responsable seg\u00fan la normativa de protecci\u00f3n de datos es: Ulrike Steppen Tus derechos Puedes solicitar en cualquier momento informaci\u00f3n sobre tus datos, corregirlos, limitarlos o borrarlos, as\u00ed como oponerte a su tratamiento o solicitar la portabilidad, seg\u00fan la normativa vigente. Recogida de informaci\u00f3n general al visitar la web [&hellip;]<\/p>\n","protected":false},"author":1,"featured_media":0,"parent":0,"menu_order":0,"comment_status":"closed","ping_status":"closed","template":"","meta":{"footnotes":""},"class_list":["post-196","page","type-page","status-publish","hentry"],"_links":{"self":[{"href":"https:\/\/blauwschaap.com\/es\/wp-json\/wp\/v2\/pages\/196","targetHints":{"allow":["GET"]}}],"collection":[{"href":"https:\/\/blauwschaap.com\/es\/wp-json\/wp\/v2\/pages"}],"about":[{"href":"https:\/\/blauwschaap.com\/es\/wp-json\/wp\/v2\/types\/page"}],"author":[{"embeddable":true,"href":"https:\/\/blauwschaap.com\/es\/wp-json\/wp\/v2\/users\/1"}],"replies":[{"embeddable":true,"href":"https:\/\/blauwschaap.com\/es\/wp-json\/wp\/v2\/comments?post=196"}],"version-history":[{"count":4,"href":"https:\/\/blauwschaap.com\/es\/wp-json\/wp\/v2\/pages\/196\/revisions"}],"predecessor-version":[{"id":579,"href":"https:\/\/blauwschaap.com\/es\/wp-json\/wp\/v2\/pages\/196\/revisions\/579"}],"wp:attachment":[{"href":"https:\/\/blauwschaap.com\/es\/wp-json\/wp\/v2\/media?parent=196"}],"curies":[{"name":"wp","href":"https:\/\/api.w.org\/{rel}","templated":true}]}}